{"id":87,"date":"2023-03-08T13:16:57","date_gmt":"2023-03-08T13:16:57","guid":{"rendered":"https:\/\/fenster.com.py\/?page_id=87"},"modified":"2023-04-20T18:49:11","modified_gmt":"2023-04-20T18:49:11","slug":"evolution-drive-60","status":"publish","type":"page","link":"https:\/\/fenster.com.py\/index.php\/evolution-drive-60\/","title":{"rendered":"Ventana Corrediza Premium"},"content":{"rendered":"<style>\/*! elementor - v3.11.2 - 22-02-2023 *\/<br \/>\n.elementor-column .elementor-spacer-inner{height:var(--spacer-size)}.e-con{--container-widget-width:100%}.e-con-inner>.elementor-widget-spacer,.e-con>.elementor-widget-spacer{width:var(--container-widget-width,var(--spacer-size));--align-self:var(--container-widget-align-self,initial);--flex-shrink:0}.e-con-inner>.elementor-widget-spacer>.elementor-widget-container,.e-con-inner>.elementor-widget-spacer>.elementor-widget-container>.elementor-spacer,.e-con>.elementor-widget-spacer>.elementor-widget-container,.e-con>.elementor-widget-spacer>.elementor-widget-container>.elementor-spacer{height:100%}.e-con-inner>.elementor-widget-spacer>.elementor-widget-container>.elementor-spacer>.elementor-spacer-inner,.e-con>.elementor-widget-spacer>.elementor-widget-container>.elementor-spacer>.elementor-spacer-inner{height:var(--container-widget-height,var(--spacer-size))}<\/style>\n<p><em>L\u00ednea premium<\/em><\/p>\n<style>\/*! elementor - v3.11.2 - 22-02-2023 *\/<br \/>\n.elementor-heading-title{padding:0;margin:0;line-height:1}.elementor-widget-heading .elementor-heading-title[class*=elementor-size-]>a{color:inherit;font-size:inherit;line-height:inherit}.elementor-widget-heading .elementor-heading-title.elementor-size-small{font-size:15px}.elementor-widget-heading .elementor-heading-title.elementor-size-medium{font-size:19px}.elementor-widget-heading .elementor-heading-title.elementor-size-large{font-size:29px}.elementor-widget-heading .elementor-heading-title.elementor-size-xl{font-size:39px}.elementor-widget-heading .elementor-heading-title.elementor-size-xxl{font-size:59px}<\/style>\n<h2>Ventana Corredera Premium<\/h2>\n<p>Sistema innovador con excelentes prestaciones en materia de<\/p>\n<p>seguridad.<\/p>\n<p><font color=\"#ffffff\">L\u00ednea premium<\/font><\/p>\n<h2>Ventana Corrediza Premium<\/h2>\n<p>Sistema innovador con excelentes prestaciones en materia de<\/p>\n<p>seguridad.<\/p>\n<h2>La Ventana Corrediza Premium<\/h2>\n<p>Este sistema de corredera cuenta con marcos de diferentes profundidades: de 60 mm, 74 mm, 92 mm y 108 mm. Su concepto innovador, aumenta las prestaciones de seguridad\/resistencia ante condiciones climatol\u00f3gicas adversas, tales como temporales o tormentas. La amplia gama de perfiles y accesorios aportan la soluci\u00f3n apropiada a cada necesidad de dise\u00f1o. En este sistema de corredera horizontal, id\u00f3neo para estancias con necesidades de espacio, pueden integrarse mosquiteras aptas para cualquier tipo de ventanas. La composici\u00f3n especial con la que se ha desarrollado el producto permite su comercializaci\u00f3n en mercados internacionales para paises con clima c\u00e1lido.<\/p>\n<style>\/*! elementor - v3.11.2 - 22-02-2023 *\/<br \/>\n.elementor-widget-image{text-align:center}.elementor-widget-image a{display:inline-block}.elementor-widget-image a img[src$=\".svg\"]{width:48px}.elementor-widget-image img{vertical-align:middle;display:inline-block}<\/style>\n<p>\t\t\t\t\t\t\t\t\t\t\t\t<img loading=\"lazy\" decoding=\"async\" width=\"600\" height=\"509\" src=\"https:\/\/fenster.com.py\/wp-content\/uploads\/2023\/03\/Salamander-evolution-drive-60-2-carriles.jpeg\" alt=\"\" loading=\"lazy\" srcset=\"https:\/\/fenster.com.py\/wp-content\/uploads\/2023\/03\/Salamander-evolution-drive-60-2-carriles.jpeg 600w, https:\/\/fenster.com.py\/wp-content\/uploads\/2023\/03\/Salamander-evolution-drive-60-2-carriles-300x255.jpeg 300w\" sizes=\"auto, (max-width: 600px) 100vw, 600px\"><\/p>\n<h2>Caracter\u00edsticas t\u00e9cnicas<\/h2>\n<p>Perfil de 3 cam\u00e1ras<\/p>\n<p>Produndidad del marco: 60 a 108 mm<\/p>\n<p>Profundidad de la hoja: 39 mm<\/p>\n<p>\u00c1mbito de aplicaci\u00f3n: ventanas correderas, puertas correderas de 2 o 3 carriles<\/p>\n<h2>Geometr\u00eda disponible:<\/h2>\n<p><img loading=\"lazy\" decoding=\"async\" width=\"600\" height=\"509\" src=\"https:\/\/fenster.com.py\/wp-content\/uploads\/2023\/03\/Salamander-evolution-drive-60-2-carriles.jpeg\" alt=\"\" loading=\"lazy\" srcset=\"https:\/\/fenster.com.py\/wp-content\/uploads\/2023\/03\/Salamander-evolution-drive-60-2-carriles.jpeg 600w, https:\/\/fenster.com.py\/wp-content\/uploads\/2023\/03\/Salamander-evolution-drive-60-2-carriles-300x255.jpeg 300w\" sizes=\"auto, (max-width: 600px) 100vw, 600px\"><\/p>\n<p><strong>Sistema de dos carriles<\/strong><\/p>\n<p><img loading=\"lazy\" decoding=\"async\" width=\"600\" height=\"509\" src=\"https:\/\/fenster.com.py\/wp-content\/uploads\/2023\/03\/Salamander-evolution-drive-60-2-carriles-y-mosqu.jpeg\" alt=\"\" loading=\"lazy\" srcset=\"https:\/\/fenster.com.py\/wp-content\/uploads\/2023\/03\/Salamander-evolution-drive-60-2-carriles-y-mosqu.jpeg 600w, https:\/\/fenster.com.py\/wp-content\/uploads\/2023\/03\/Salamander-evolution-drive-60-2-carriles-y-mosqu-300x255.jpeg 300w\" sizes=\"auto, (max-width: 600px) 100vw, 600px\"><\/p>\n<p><strong>Sistema de dos carriles con marco de mosquitero<\/strong><\/p>\n<p><img loading=\"lazy\" decoding=\"async\" width=\"600\" height=\"509\" src=\"https:\/\/fenster.com.py\/wp-content\/uploads\/2023\/03\/Salamander-evolution-drive-60-3-carriles.jpeg\" alt=\"\" loading=\"lazy\" srcset=\"https:\/\/fenster.com.py\/wp-content\/uploads\/2023\/03\/Salamander-evolution-drive-60-3-carriles.jpeg 600w, https:\/\/fenster.com.py\/wp-content\/uploads\/2023\/03\/Salamander-evolution-drive-60-3-carriles-300x255.jpeg 300w\" sizes=\"auto, (max-width: 600px) 100vw, 600px\"><\/p>\n<p><strong>Sistema de tres carriles<\/strong><\/p>\n<p><img loading=\"lazy\" decoding=\"async\" width=\"600\" height=\"509\" src=\"https:\/\/fenster.com.py\/wp-content\/uploads\/2023\/03\/Salamander-evolution-drive-60-Con-acristalamiento.jpeg\" alt=\"\" loading=\"lazy\" srcset=\"https:\/\/fenster.com.py\/wp-content\/uploads\/2023\/03\/Salamander-evolution-drive-60-Con-acristalamiento.jpeg 600w, https:\/\/fenster.com.py\/wp-content\/uploads\/2023\/03\/Salamander-evolution-drive-60-Con-acristalamiento-300x255.jpeg 300w\" sizes=\"auto, (max-width: 600px) 100vw, 600px\"><\/p>\n<p><strong>Dos carriles con acristalamiento<\/strong><\/p>\n<p><img loading=\"lazy\" decoding=\"async\" width=\"600\" height=\"509\" src=\"https:\/\/fenster.com.py\/wp-content\/uploads\/2023\/03\/Sistema-de-puertas.jpeg\" alt=\"\" loading=\"lazy\" srcset=\"https:\/\/fenster.com.py\/wp-content\/uploads\/2023\/03\/Sistema-de-puertas.jpeg 600w, https:\/\/fenster.com.py\/wp-content\/uploads\/2023\/03\/Sistema-de-puertas-300x255.jpeg 300w\" sizes=\"auto, (max-width: 600px) 100vw, 600px\"><\/p>\n<p><strong>Sistema de puerta<\/strong><\/p>\n<p>https:\/\/fenster.com.py\/wp-content\/uploads\/2023\/03\/SA41WKP.mp4#t=10,100<br \/>\n<a href=\"#\" role=\"button\"><br \/>\nDescargar brochure<br \/>\n<\/a><br \/>\n<a href=\"https:\/\/wa.me\/595981225422\" role=\"button\"><br \/>\nMas info por WhatsApp<br \/>\n<\/a><\/p>\n<style>\/*! elementor - v3.11.2 - 22-02-2023 *\/<br \/>\n.elementor-widget-divider{--divider-border-style:none;--divider-border-width:1px;--divider-color:#2c2c2c;--divider-icon-size:20px;--divider-element-spacing:10px;--divider-pattern-height:24px;--divider-pattern-size:20px;--divider-pattern-url:none;--divider-pattern-repeat:repeat-x}.elementor-widget-divider .elementor-divider{display:flex}.elementor-widget-divider .elementor-divider__text{font-size:15px;line-height:1;max-width:95%}.elementor-widget-divider .elementor-divider__element{margin:0 var(--divider-element-spacing);flex-shrink:0}.elementor-widget-divider .elementor-icon{font-size:var(--divider-icon-size)}.elementor-widget-divider .elementor-divider-separator{display:flex;margin:0;direction:ltr}.elementor-widget-divider--view-line_icon .elementor-divider-separator,.elementor-widget-divider--view-line_text .elementor-divider-separator{align-items:center}.elementor-widget-divider--view-line_icon .elementor-divider-separator:after,.elementor-widget-divider--view-line_icon .elementor-divider-separator:before,.elementor-widget-divider--view-line_text .elementor-divider-separator:after,.elementor-widget-divider--view-line_text .elementor-divider-separator:before{display:block;content:\"\";border-bottom:0;flex-grow:1;border-top:var(--divider-border-width) var(--divider-border-style) var(--divider-color)}.elementor-widget-divider--element-align-left .elementor-divider .elementor-divider-separator>.elementor-divider__svg:first-of-type{flex-grow:0;flex-shrink:100}.elementor-widget-divider--element-align-left .elementor-divider-separator:before{content:none}.elementor-widget-divider--element-align-left .elementor-divider__element{margin-left:0}.elementor-widget-divider--element-align-right .elementor-divider .elementor-divider-separator>.elementor-divider__svg:last-of-type{flex-grow:0;flex-shrink:100}.elementor-widget-divider--element-align-right .elementor-divider-separator:after{content:none}.elementor-widget-divider--element-align-right .elementor-divider__element{margin-right:0}.elementor-widget-divider:not(.elementor-widget-divider--view-line_text):not(.elementor-widget-divider--view-line_icon) .elementor-divider-separator{border-top:var(--divider-border-width) var(--divider-border-style) var(--divider-color)}.elementor-widget-divider--separator-type-pattern{--divider-border-style:none}.elementor-widget-divider--separator-type-pattern.elementor-widget-divider--view-line .elementor-divider-separator,.elementor-widget-divider--separator-type-pattern:not(.elementor-widget-divider--view-line) .elementor-divider-separator:after,.elementor-widget-divider--separator-type-pattern:not(.elementor-widget-divider--view-line) .elementor-divider-separator:before,.elementor-widget-divider--separator-type-pattern:not([class*=elementor-widget-divider--view]) .elementor-divider-separator{width:100%;min-height:var(--divider-pattern-height);-webkit-mask-size:var(--divider-pattern-size) 100%;mask-size:var(--divider-pattern-size) 100%;-webkit-mask-repeat:var(--divider-pattern-repeat);mask-repeat:var(--divider-pattern-repeat);background-color:var(--divider-color);-webkit-mask-image:var(--divider-pattern-url);mask-image:var(--divider-pattern-url)}.elementor-widget-divider--no-spacing{--divider-pattern-size:auto}.elementor-widget-divider--bg-round{--divider-pattern-repeat:round}.rtl .elementor-widget-divider .elementor-divider__text{direction:rtl}.e-con-inner>.elementor-widget-divider,.e-con>.elementor-widget-divider{width:var(--container-widget-width,100%);--flex-grow:var(--container-widget-flex-grow)}<\/style>\n","protected":false},"excerpt":{"rendered":"<p>L\u00ednea premium Ventana Corredera Premium Sistema innovador con excelentes prestaciones en materia de seguridad. L\u00ednea premium Ventana Corrediza Premium Sistema innovador con excelentes prestaciones en materia de seguridad. La Ventana Corrediza Premium Este sistema de corredera cuenta con marcos de &hellip;<\/p>\n<p><a href=\"https:\/\/fenster.com.py\/index.php\/evolution-drive-60\/\">Continue Reading<span class=\"meta-nav\">&rarr;<\/span><\/a><\/p>\n","protected":false},"author":2,"featured_media":0,"parent":0,"menu_order":0,"comment_status":"closed","ping_status":"closed","template":"","meta":{"footnotes":""},"class_list":["post-87","page","type-page","status-publish","hentry"],"translation":{"provider":"WPGlobus","version":"3.0.2","language":"es","enabled_languages":["es"],"languages":{"es":{"title":true,"content":true,"excerpt":false}}},"yoast_head":"<!-- This site is optimized with the Yoast SEO plugin v27.3 - https:\/\/yoast.com\/product\/yoast-seo-wordpress\/ -->\n<title>Ventana Corrediza Premium - Fenster<\/title>\n<meta name=\"robots\" content=\"index, follow, max-snippet:-1, max-image-preview:large, max-video-preview:-1\" \/>\n<link rel=\"canonical\" href=\"https:\/\/fenster.com.py\/index.php\/evolution-drive-60\/\" \/>\n<meta property=\"og:locale\" content=\"es_ES\" \/>\n<meta property=\"og:type\" content=\"article\" \/>\n<meta property=\"og:title\" content=\"Ventana Corrediza Premium - Fenster\" \/>\n<meta property=\"og:url\" content=\"https:\/\/fenster.com.py\/index.php\/evolution-drive-60\/\" \/>\n<meta property=\"og:site_name\" content=\"Fenster\" \/>\n<meta property=\"article:publisher\" content=\"https:\/\/www.facebook.com\/Ventanas.de.PVC.DVH.Paraguay\" \/>\n<meta property=\"article:modified_time\" content=\"2023-04-20T18:49:11+00:00\" \/>\n<meta property=\"og:image\" content=\"https:\/\/fenster.com.py\/wp-content\/uploads\/2023\/03\/Salamander-evolution-drive-60-2-carriles.jpeg\" \/>\n\t<meta property=\"og:image:width\" content=\"600\" \/>\n\t<meta property=\"og:image:height\" content=\"509\" \/>\n\t<meta property=\"og:image:type\" content=\"image\/jpeg\" \/>\n<meta name=\"twitter:card\" content=\"summary_large_image\" \/>\n<meta name=\"twitter:label1\" content=\"Tiempo de lectura\" \/>\n\t<meta name=\"twitter:data1\" content=\"1 minuto\" \/>\n<script type=\"application\/ld+json\" class=\"yoast-schema-graph\">{\"@context\":\"https:\\\/\\\/schema.org\",\"@graph\":[{\"@type\":\"WebPage\",\"@id\":\"https:\\\/\\\/fenster.com.py\\\/index.php\\\/evolution-drive-60\\\/\",\"url\":\"https:\\\/\\\/fenster.com.py\\\/index.php\\\/evolution-drive-60\\\/\",\"name\":\"Ventana Corrediza Premium - Fenster\",\"isPartOf\":{\"@id\":\"https:\\\/\\\/fenster.com.py\\\/#website\"},\"primaryImageOfPage\":{\"@id\":\"https:\\\/\\\/fenster.com.py\\\/index.php\\\/evolution-drive-60\\\/#primaryimage\"},\"image\":{\"@id\":\"https:\\\/\\\/fenster.com.py\\\/index.php\\\/evolution-drive-60\\\/#primaryimage\"},\"thumbnailUrl\":\"https:\\\/\\\/fenster.com.py\\\/wp-content\\\/uploads\\\/2023\\\/03\\\/Salamander-evolution-drive-60-2-carriles.jpeg\",\"datePublished\":\"2023-03-08T13:16:57+00:00\",\"dateModified\":\"2023-04-20T18:49:11+00:00\",\"breadcrumb\":{\"@id\":\"https:\\\/\\\/fenster.com.py\\\/index.php\\\/evolution-drive-60\\\/#breadcrumb\"},\"inLanguage\":\"es\",\"potentialAction\":[{\"@type\":\"ReadAction\",\"target\":[\"https:\\\/\\\/fenster.com.py\\\/index.php\\\/evolution-drive-60\\\/\"]}]},{\"@type\":\"ImageObject\",\"inLanguage\":\"es\",\"@id\":\"https:\\\/\\\/fenster.com.py\\\/index.php\\\/evolution-drive-60\\\/#primaryimage\",\"url\":\"https:\\\/\\\/fenster.com.py\\\/wp-content\\\/uploads\\\/2023\\\/03\\\/Salamander-evolution-drive-60-2-carriles.jpeg\",\"contentUrl\":\"https:\\\/\\\/fenster.com.py\\\/wp-content\\\/uploads\\\/2023\\\/03\\\/Salamander-evolution-drive-60-2-carriles.jpeg\",\"width\":600,\"height\":509},{\"@type\":\"BreadcrumbList\",\"@id\":\"https:\\\/\\\/fenster.com.py\\\/index.php\\\/evolution-drive-60\\\/#breadcrumb\",\"itemListElement\":[{\"@type\":\"ListItem\",\"position\":1,\"name\":\"Portada\",\"item\":\"https:\\\/\\\/fenster.com.py\\\/\"},{\"@type\":\"ListItem\",\"position\":2,\"name\":\"Ventana Corrediza Premium\"}]},{\"@type\":\"WebSite\",\"@id\":\"https:\\\/\\\/fenster.com.py\\\/#website\",\"url\":\"https:\\\/\\\/fenster.com.py\\\/\",\"name\":\"Fenster\",\"description\":\"Aberturas para su bienestar\",\"publisher\":{\"@id\":\"https:\\\/\\\/fenster.com.py\\\/#organization\"},\"potentialAction\":[{\"@type\":\"SearchAction\",\"target\":{\"@type\":\"EntryPoint\",\"urlTemplate\":\"https:\\\/\\\/fenster.com.py\\\/?s={search_term_string}\"},\"query-input\":{\"@type\":\"PropertyValueSpecification\",\"valueRequired\":true,\"valueName\":\"search_term_string\"}}],\"inLanguage\":\"es\"},{\"@type\":\"Organization\",\"@id\":\"https:\\\/\\\/fenster.com.py\\\/#organization\",\"name\":\"Fenster\",\"url\":\"https:\\\/\\\/fenster.com.py\\\/\",\"logo\":{\"@type\":\"ImageObject\",\"inLanguage\":\"es\",\"@id\":\"https:\\\/\\\/fenster.com.py\\\/#\\\/schema\\\/logo\\\/image\\\/\",\"url\":\"https:\\\/\\\/fenster.com.py\\\/wp-content\\\/uploads\\\/2025\\\/03\\\/Icono-Casa-Climatica-8-fondo-transparente.png\",\"contentUrl\":\"https:\\\/\\\/fenster.com.py\\\/wp-content\\\/uploads\\\/2025\\\/03\\\/Icono-Casa-Climatica-8-fondo-transparente.png\",\"width\":188,\"height\":190,\"caption\":\"Fenster\"},\"image\":{\"@id\":\"https:\\\/\\\/fenster.com.py\\\/#\\\/schema\\\/logo\\\/image\\\/\"},\"sameAs\":[\"https:\\\/\\\/www.facebook.com\\\/Ventanas.de.PVC.DVH.Paraguay\"]}]}<\/script>\n<!-- \/ Yoast SEO plugin. -->","yoast_head_json":{"title":"Ventana Corrediza Premium - Fenster","robots":{"index":"index","follow":"follow","max-snippet":"max-snippet:-1","max-image-preview":"max-image-preview:large","max-video-preview":"max-video-preview:-1"},"canonical":"https:\/\/fenster.com.py\/index.php\/evolution-drive-60\/","og_locale":"es_ES","og_type":"article","og_title":"Ventana Corrediza Premium - Fenster","og_url":"https:\/\/fenster.com.py\/index.php\/evolution-drive-60\/","og_site_name":"Fenster","article_publisher":"https:\/\/www.facebook.com\/Ventanas.de.PVC.DVH.Paraguay","article_modified_time":"2023-04-20T18:49:11+00:00","og_image":[{"width":600,"height":509,"url":"https:\/\/fenster.com.py\/wp-content\/uploads\/2023\/03\/Salamander-evolution-drive-60-2-carriles.jpeg","type":"image\/jpeg"}],"twitter_card":"summary_large_image","twitter_misc":{"Tiempo de lectura":"1 minuto"},"schema":{"@context":"https:\/\/schema.org","@graph":[{"@type":"WebPage","@id":"https:\/\/fenster.com.py\/index.php\/evolution-drive-60\/","url":"https:\/\/fenster.com.py\/index.php\/evolution-drive-60\/","name":"Ventana Corrediza Premium - Fenster","isPartOf":{"@id":"https:\/\/fenster.com.py\/#website"},"primaryImageOfPage":{"@id":"https:\/\/fenster.com.py\/index.php\/evolution-drive-60\/#primaryimage"},"image":{"@id":"https:\/\/fenster.com.py\/index.php\/evolution-drive-60\/#primaryimage"},"thumbnailUrl":"https:\/\/fenster.com.py\/wp-content\/uploads\/2023\/03\/Salamander-evolution-drive-60-2-carriles.jpeg","datePublished":"2023-03-08T13:16:57+00:00","dateModified":"2023-04-20T18:49:11+00:00","breadcrumb":{"@id":"https:\/\/fenster.com.py\/index.php\/evolution-drive-60\/#breadcrumb"},"inLanguage":"es","potentialAction":[{"@type":"ReadAction","target":["https:\/\/fenster.com.py\/index.php\/evolution-drive-60\/"]}]},{"@type":"ImageObject","inLanguage":"es","@id":"https:\/\/fenster.com.py\/index.php\/evolution-drive-60\/#primaryimage","url":"https:\/\/fenster.com.py\/wp-content\/uploads\/2023\/03\/Salamander-evolution-drive-60-2-carriles.jpeg","contentUrl":"https:\/\/fenster.com.py\/wp-content\/uploads\/2023\/03\/Salamander-evolution-drive-60-2-carriles.jpeg","width":600,"height":509},{"@type":"BreadcrumbList","@id":"https:\/\/fenster.com.py\/index.php\/evolution-drive-60\/#breadcrumb","itemListElement":[{"@type":"ListItem","position":1,"name":"Portada","item":"https:\/\/fenster.com.py\/"},{"@type":"ListItem","position":2,"name":"Ventana Corrediza Premium"}]},{"@type":"WebSite","@id":"https:\/\/fenster.com.py\/#website","url":"https:\/\/fenster.com.py\/","name":"Fenster","description":"Aberturas para su bienestar","publisher":{"@id":"https:\/\/fenster.com.py\/#organization"},"potentialAction":[{"@type":"SearchAction","target":{"@type":"EntryPoint","urlTemplate":"https:\/\/fenster.com.py\/?s={search_term_string}"},"query-input":{"@type":"PropertyValueSpecification","valueRequired":true,"valueName":"search_term_string"}}],"inLanguage":"es"},{"@type":"Organization","@id":"https:\/\/fenster.com.py\/#organization","name":"Fenster","url":"https:\/\/fenster.com.py\/","logo":{"@type":"ImageObject","inLanguage":"es","@id":"https:\/\/fenster.com.py\/#\/schema\/logo\/image\/","url":"https:\/\/fenster.com.py\/wp-content\/uploads\/2025\/03\/Icono-Casa-Climatica-8-fondo-transparente.png","contentUrl":"https:\/\/fenster.com.py\/wp-content\/uploads\/2025\/03\/Icono-Casa-Climatica-8-fondo-transparente.png","width":188,"height":190,"caption":"Fenster"},"image":{"@id":"https:\/\/fenster.com.py\/#\/schema\/logo\/image\/"},"sameAs":["https:\/\/www.facebook.com\/Ventanas.de.PVC.DVH.Paraguay"]}]}},"jetpack_sharing_enabled":true,"_links":{"self":[{"href":"https:\/\/fenster.com.py\/index.php\/wp-json\/wp\/v2\/pages\/87","targetHints":{"allow":["GET"]}}],"collection":[{"href":"https:\/\/fenster.com.py\/index.php\/wp-json\/wp\/v2\/pages"}],"about":[{"href":"https:\/\/fenster.com.py\/index.php\/wp-json\/wp\/v2\/types\/page"}],"author":[{"embeddable":true,"href":"https:\/\/fenster.com.py\/index.php\/wp-json\/wp\/v2\/users\/2"}],"replies":[{"embeddable":true,"href":"https:\/\/fenster.com.py\/index.php\/wp-json\/wp\/v2\/comments?post=87"}],"version-history":[{"count":263,"href":"https:\/\/fenster.com.py\/index.php\/wp-json\/wp\/v2\/pages\/87\/revisions"}],"predecessor-version":[{"id":1539,"href":"https:\/\/fenster.com.py\/index.php\/wp-json\/wp\/v2\/pages\/87\/revisions\/1539"}],"wp:attachment":[{"href":"https:\/\/fenster.com.py\/index.php\/wp-json\/wp\/v2\/media?parent=87"}],"curies":[{"name":"wp","href":"https:\/\/api.w.org\/{rel}","templated":true}]}}