{"id":1852,"date":"2023-05-17T18:19:30","date_gmt":"2023-05-17T18:19:30","guid":{"rendered":"https:\/\/fenster.com.py\/?page_id=1852"},"modified":"2025-04-03T16:33:14","modified_gmt":"2025-04-03T16:33:14","slug":"aislamiento-acustico","status":"publish","type":"page","link":"https:\/\/fenster.com.py\/index.php\/aislamiento-acustico\/","title":{"rendered":"Aislamiento Ac\u00fastico"},"content":{"rendered":"\t\t<div data-elementor-type=\"wp-page\" data-elementor-id=\"1852\" class=\"elementor elementor-1852\">\n\t\t\t\t\t\t<section class=\"elementor-section elementor-top-section elementor-element elementor-element-975c6b8 elementor-section-boxed elementor-section-height-default elementor-section-height-default\" data-id=\"975c6b8\" data-element_type=\"section\" data-e-type=\"section\" data-settings=\"{&quot;background_background&quot;:&quot;classic&quot;}\">\n\t\t\t\t\t\t\t<div class=\"elementor-background-overlay\"><\/div>\n\t\t\t\t\t\t\t<div class=\"elementor-container elementor-column-gap-default\">\n\t\t\t\t\t<div class=\"elementor-column elementor-col-100 elementor-top-column elementor-element elementor-element-3c00bf1\" data-id=\"3c00bf1\" data-element_type=\"column\" data-e-type=\"column\">\n\t\t\t<div class=\"elementor-widget-wrap elementor-element-populated\">\n\t\t\t\t\t\t<div class=\"elementor-element elementor-element-57a246c elementor-widget elementor-widget-spacer\" data-id=\"57a246c\" data-element_type=\"widget\" data-e-type=\"widget\" data-widget_type=\"spacer.default\">\n\t\t\t\t<div class=\"elementor-widget-container\">\n\t\t\t\t\t\t\t<div class=\"elementor-spacer\">\n\t\t\t<div class=\"elementor-spacer-inner\"><\/div>\n\t\t<\/div>\n\t\t\t\t\t\t<\/div>\n\t\t\t\t<\/div>\n\t\t\t\t<div class=\"elementor-element elementor-element-e1f03d0 elementor-widget elementor-widget-heading\" data-id=\"e1f03d0\" data-element_type=\"widget\" data-e-type=\"widget\" data-widget_type=\"heading.default\">\n\t\t\t\t<div class=\"elementor-widget-container\">\n\t\t\t\t\t<h1 class=\"elementor-heading-title elementor-size-default\">Aislamiento Ac\u00fastico<\/h1>\t\t\t\t<\/div>\n\t\t\t\t<\/div>\n\t\t\t\t<div class=\"elementor-element elementor-element-8baa549 elementor-widget elementor-widget-spacer\" data-id=\"8baa549\" data-element_type=\"widget\" data-e-type=\"widget\" data-widget_type=\"spacer.default\">\n\t\t\t\t<div class=\"elementor-widget-container\">\n\t\t\t\t\t\t\t<div class=\"elementor-spacer\">\n\t\t\t<div class=\"elementor-spacer-inner\"><\/div>\n\t\t<\/div>\n\t\t\t\t\t\t<\/div>\n\t\t\t\t<\/div>\n\t\t\t\t\t<\/div>\n\t\t<\/div>\n\t\t\t\t\t<\/div>\n\t\t<\/section>\n\t\t\t\t<section class=\"elementor-section elementor-top-section elementor-element elementor-element-726b7392 elementor-section-boxed elementor-section-height-default elementor-section-height-default\" data-id=\"726b7392\" data-element_type=\"section\" data-e-type=\"section\">\n\t\t\t\t\t\t<div class=\"elementor-container elementor-column-gap-default\">\n\t\t\t\t\t<div class=\"elementor-column elementor-col-100 elementor-top-column elementor-element elementor-element-6a8ccf08\" data-id=\"6a8ccf08\" data-element_type=\"column\" data-e-type=\"column\">\n\t\t\t<div class=\"elementor-widget-wrap elementor-element-populated\">\n\t\t\t\t\t\t<div class=\"elementor-element elementor-element-65659e3 elementor-widget elementor-widget-spacer\" data-id=\"65659e3\" data-element_type=\"widget\" data-e-type=\"widget\" data-widget_type=\"spacer.default\">\n\t\t\t\t<div class=\"elementor-widget-container\">\n\t\t\t\t\t\t\t<div class=\"elementor-spacer\">\n\t\t\t<div class=\"elementor-spacer-inner\"><\/div>\n\t\t<\/div>\n\t\t\t\t\t\t<\/div>\n\t\t\t\t<\/div>\n\t\t\t\t<section class=\"elementor-section elementor-inner-section elementor-element elementor-element-1958008 elementor-section-boxed elementor-section-height-default elementor-section-height-default\" data-id=\"1958008\" data-element_type=\"section\" data-e-type=\"section\">\n\t\t\t\t\t\t<div class=\"elementor-container elementor-column-gap-default\">\n\t\t\t\t\t<div class=\"elementor-column elementor-col-50 elementor-inner-column elementor-element elementor-element-3275d69\" data-id=\"3275d69\" data-element_type=\"column\" data-e-type=\"column\">\n\t\t\t<div class=\"elementor-widget-wrap elementor-element-populated\">\n\t\t\t\t\t\t<div class=\"elementor-element elementor-element-f8bccf5 elementor-widget__width-initial elementor-widget elementor-widget-heading\" data-id=\"f8bccf5\" data-element_type=\"widget\" data-e-type=\"widget\" data-widget_type=\"heading.default\">\n\t\t\t\t<div class=\"elementor-widget-container\">\n\t\t\t\t\t<h2 class=\"elementor-heading-title elementor-size-default\">\u00a1Que descanses!<\/h2>\t\t\t\t<\/div>\n\t\t\t\t<\/div>\n\t\t\t\t<div class=\"elementor-element elementor-element-cc7cde7 elementor-widget elementor-widget-text-editor\" data-id=\"cc7cde7\" data-element_type=\"widget\" data-e-type=\"widget\" data-widget_type=\"text-editor.default\">\n\t\t\t\t<div class=\"elementor-widget-container\">\n\t\t\t\t\t\t\t\t\t<p>Autos, buses, camiones, m\u00e1quinas pesadas y en algunos casos, hasta aviones son lo que escuchamos todo el d\u00eda, en la calle, en la oficina. Pero en serio: \u00bfes necesario que el ruido del d\u00eda al d\u00eda nos siga hasta nuestra zona de confort? \u00bfHasta nuestra casa donde deber\u00edamos y quisieramos sentirnos bien y a salvo de todos los elementos y fenomenos de las calles?<\/p><p>Es aqu\u00ed donde entra en escenario nuestro innovativo sistema de aislamiento ac\u00fastico compuesto de materiales especiales y el sistema de tres l\u00e1minas de vidrio que contribuye a un descanso m\u00e1s eficiente y profundo.\u00a0<\/p>\t\t\t\t\t\t\t\t<\/div>\n\t\t\t\t<\/div>\n\t\t\t\t\t<\/div>\n\t\t<\/div>\n\t\t\t\t<div class=\"elementor-column elementor-col-50 elementor-inner-column elementor-element elementor-element-00a311d\" data-id=\"00a311d\" data-element_type=\"column\" data-e-type=\"column\">\n\t\t\t<div class=\"elementor-widget-wrap elementor-element-populated\">\n\t\t\t\t\t\t<div class=\"elementor-element elementor-element-62b7075 elementor-widget elementor-widget-image\" data-id=\"62b7075\" data-element_type=\"widget\" data-e-type=\"widget\" data-widget_type=\"image.default\">\n\t\t\t\t<div class=\"elementor-widget-container\">\n\t\t\t\t\t\t\t\t\t\t\t\t\t\t\t<img fetchpriority=\"high\" decoding=\"async\" width=\"900\" height=\"637\" src=\"https:\/\/fenster.com.py\/wp-content\/uploads\/2023\/03\/Aislamiento-termico-Fenster-1024x725.jpg\" class=\"attachment-large size-large wp-image-415\" alt=\"\" srcset=\"https:\/\/fenster.com.py\/wp-content\/uploads\/2023\/03\/Aislamiento-termico-Fenster-1024x725.jpg 1024w, https:\/\/fenster.com.py\/wp-content\/uploads\/2023\/03\/Aislamiento-termico-Fenster-300x212.jpg 300w, https:\/\/fenster.com.py\/wp-content\/uploads\/2023\/03\/Aislamiento-termico-Fenster-768x544.jpg 768w, https:\/\/fenster.com.py\/wp-content\/uploads\/2023\/03\/Aislamiento-termico-Fenster.jpg 1300w\" sizes=\"(max-width: 900px) 100vw, 900px\" \/>\t\t\t\t\t\t\t\t\t\t\t\t\t\t\t<\/div>\n\t\t\t\t<\/div>\n\t\t\t\t\t<\/div>\n\t\t<\/div>\n\t\t\t\t\t<\/div>\n\t\t<\/section>\n\t\t\t\t<div class=\"elementor-element elementor-element-78d25f9 elementor-widget elementor-widget-spacer\" data-id=\"78d25f9\" data-element_type=\"widget\" data-e-type=\"widget\" data-widget_type=\"spacer.default\">\n\t\t\t\t<div class=\"elementor-widget-container\">\n\t\t\t\t\t\t\t<div class=\"elementor-spacer\">\n\t\t\t<div class=\"elementor-spacer-inner\"><\/div>\n\t\t<\/div>\n\t\t\t\t\t\t<\/div>\n\t\t\t\t<\/div>\n\t\t\t\t\t<\/div>\n\t\t<\/div>\n\t\t\t\t\t<\/div>\n\t\t<\/section>\n\t\t\t\t<section class=\"elementor-section elementor-top-section elementor-element elementor-element-33af251 elementor-section-boxed elementor-section-height-default elementor-section-height-default\" data-id=\"33af251\" data-element_type=\"section\" data-e-type=\"section\" data-settings=\"{&quot;background_background&quot;:&quot;classic&quot;}\">\n\t\t\t\t\t\t\t<div class=\"elementor-background-overlay\"><\/div>\n\t\t\t\t\t\t\t<div class=\"elementor-container elementor-column-gap-default\">\n\t\t\t\t\t<div class=\"elementor-column elementor-col-100 elementor-top-column elementor-element elementor-element-a868aed\" data-id=\"a868aed\" data-element_type=\"column\" data-e-type=\"column\">\n\t\t\t<div class=\"elementor-widget-wrap elementor-element-populated\">\n\t\t\t\t\t\t<div class=\"elementor-element elementor-element-965ac48 elementor-widget elementor-widget-spacer\" data-id=\"965ac48\" data-element_type=\"widget\" data-e-type=\"widget\" data-widget_type=\"spacer.default\">\n\t\t\t\t<div class=\"elementor-widget-container\">\n\t\t\t\t\t\t\t<div class=\"elementor-spacer\">\n\t\t\t<div class=\"elementor-spacer-inner\"><\/div>\n\t\t<\/div>\n\t\t\t\t\t\t<\/div>\n\t\t\t\t<\/div>\n\t\t\t\t<div class=\"elementor-element elementor-element-05625ff elementor-widget elementor-widget-heading\" data-id=\"05625ff\" data-element_type=\"widget\" data-e-type=\"widget\" data-widget_type=\"heading.default\">\n\t\t\t\t<div class=\"elementor-widget-container\">\n\t\t\t\t\t<h2 class=\"elementor-heading-title elementor-size-default\">\u00a1Descansa!<\/h2>\t\t\t\t<\/div>\n\t\t\t\t<\/div>\n\t\t\t\t<section class=\"elementor-section elementor-inner-section elementor-element elementor-element-b1ea66d elementor-section-boxed elementor-section-height-default elementor-section-height-default\" data-id=\"b1ea66d\" data-element_type=\"section\" data-e-type=\"section\">\n\t\t\t\t\t\t<div class=\"elementor-container elementor-column-gap-default\">\n\t\t\t\t\t<div class=\"elementor-column elementor-col-50 elementor-inner-column elementor-element elementor-element-fe341d8\" data-id=\"fe341d8\" data-element_type=\"column\" data-e-type=\"column\">\n\t\t\t<div class=\"elementor-widget-wrap elementor-element-populated\">\n\t\t\t\t\t\t<div class=\"elementor-element elementor-element-68b63d0 elementor-widget elementor-widget-text-editor\" data-id=\"68b63d0\" data-element_type=\"widget\" data-e-type=\"widget\" data-widget_type=\"text-editor.default\">\n\t\t\t\t<div class=\"elementor-widget-container\">\n\t\t\t\t\t\t\t\t\t<p><span style=\"color: #ffffff;\">\u00a1Nuestras ventanas con aislamiento ac\u00fastico hacen el perfecto aliado para su reposici\u00f3n de energ\u00eda y bienestar!<\/span><\/p>\t\t\t\t\t\t\t\t<\/div>\n\t\t\t\t<\/div>\n\t\t\t\t\t<\/div>\n\t\t<\/div>\n\t\t\t\t<div class=\"elementor-column elementor-col-50 elementor-inner-column elementor-element elementor-element-30c9e16\" data-id=\"30c9e16\" data-element_type=\"column\" data-e-type=\"column\">\n\t\t\t<div class=\"elementor-widget-wrap\">\n\t\t\t\t\t\t\t<\/div>\n\t\t<\/div>\n\t\t\t\t\t<\/div>\n\t\t<\/section>\n\t\t\t\t<div class=\"elementor-element elementor-element-b09a612 elementor-widget elementor-widget-spacer\" data-id=\"b09a612\" data-element_type=\"widget\" data-e-type=\"widget\" data-widget_type=\"spacer.default\">\n\t\t\t\t<div class=\"elementor-widget-container\">\n\t\t\t\t\t\t\t<div class=\"elementor-spacer\">\n\t\t\t<div class=\"elementor-spacer-inner\"><\/div>\n\t\t<\/div>\n\t\t\t\t\t\t<\/div>\n\t\t\t\t<\/div>\n\t\t\t\t\t<\/div>\n\t\t<\/div>\n\t\t\t\t\t<\/div>\n\t\t<\/section>\n\t\t\t\t<\/div>\n\t\t","protected":false},"excerpt":{"rendered":"<p>Aislamiento Ac\u00fastico \u00a1Que descanses! Autos, buses, camiones, m\u00e1quinas pesadas y en algunos casos, hasta aviones son lo que escuchamos todo el d\u00eda, en la calle, en la oficina. Pero en serio: \u00bfes necesario que el ruido del d\u00eda al d\u00eda &hellip;<\/p>\n<p><a href=\"https:\/\/fenster.com.py\/index.php\/aislamiento-acustico\/\">Continue Reading<span class=\"meta-nav\">&rarr;<\/span><\/a><\/p>\n","protected":false},"author":2,"featured_media":0,"parent":0,"menu_order":0,"comment_status":"closed","ping_status":"closed","template":"","meta":{"footnotes":""},"class_list":["post-1852","page","type-page","status-publish","hentry"],"translation":{"provider":"WPGlobus","version":"3.0.2","language":"es","enabled_languages":["es"],"languages":{"es":{"title":true,"content":true,"excerpt":false}}},"yoast_head":"<!-- This site is optimized with the Yoast SEO plugin v27.3 - https:\/\/yoast.com\/product\/yoast-seo-wordpress\/ -->\n<title>Aislamiento Ac\u00fastico - Fenster<\/title>\n<meta name=\"robots\" content=\"index, follow, max-snippet:-1, max-image-preview:large, max-video-preview:-1\" \/>\n<link rel=\"canonical\" href=\"https:\/\/fenster.com.py\/index.php\/aislamiento-acustico\/\" \/>\n<meta property=\"og:locale\" content=\"es_ES\" \/>\n<meta property=\"og:type\" content=\"article\" \/>\n<meta property=\"og:title\" content=\"Aislamiento Ac\u00fastico - Fenster\" \/>\n<meta property=\"og:url\" content=\"https:\/\/fenster.com.py\/index.php\/aislamiento-acustico\/\" \/>\n<meta property=\"og:site_name\" content=\"Fenster\" \/>\n<meta property=\"article:publisher\" content=\"https:\/\/www.facebook.com\/Ventanas.de.PVC.DVH.Paraguay\" \/>\n<meta property=\"article:modified_time\" content=\"2025-04-03T16:33:14+00:00\" \/>\n<meta property=\"og:image\" content=\"https:\/\/fenster.com.py\/wp-content\/uploads\/2023\/03\/Aislamiento-termico-Fenster.jpg\" \/>\n\t<meta property=\"og:image:width\" content=\"1300\" \/>\n\t<meta property=\"og:image:height\" content=\"920\" \/>\n\t<meta property=\"og:image:type\" content=\"image\/jpeg\" \/>\n<meta name=\"twitter:card\" content=\"summary_large_image\" \/>\n<meta name=\"twitter:label1\" content=\"Tiempo de lectura\" \/>\n\t<meta name=\"twitter:data1\" content=\"1 minuto\" \/>\n<script type=\"application\/ld+json\" class=\"yoast-schema-graph\">{\"@context\":\"https:\\\/\\\/schema.org\",\"@graph\":[{\"@type\":\"WebPage\",\"@id\":\"https:\\\/\\\/fenster.com.py\\\/index.php\\\/aislamiento-acustico\\\/\",\"url\":\"https:\\\/\\\/fenster.com.py\\\/index.php\\\/aislamiento-acustico\\\/\",\"name\":\"Aislamiento Ac\u00fastico - Fenster\",\"isPartOf\":{\"@id\":\"https:\\\/\\\/fenster.com.py\\\/#website\"},\"primaryImageOfPage\":{\"@id\":\"https:\\\/\\\/fenster.com.py\\\/index.php\\\/aislamiento-acustico\\\/#primaryimage\"},\"image\":{\"@id\":\"https:\\\/\\\/fenster.com.py\\\/index.php\\\/aislamiento-acustico\\\/#primaryimage\"},\"thumbnailUrl\":\"https:\\\/\\\/fenster.com.py\\\/wp-content\\\/uploads\\\/2023\\\/03\\\/Aislamiento-termico-Fenster-1024x725.jpg\",\"datePublished\":\"2023-05-17T18:19:30+00:00\",\"dateModified\":\"2025-04-03T16:33:14+00:00\",\"breadcrumb\":{\"@id\":\"https:\\\/\\\/fenster.com.py\\\/index.php\\\/aislamiento-acustico\\\/#breadcrumb\"},\"inLanguage\":\"es\",\"potentialAction\":[{\"@type\":\"ReadAction\",\"target\":[\"https:\\\/\\\/fenster.com.py\\\/index.php\\\/aislamiento-acustico\\\/\"]}]},{\"@type\":\"ImageObject\",\"inLanguage\":\"es\",\"@id\":\"https:\\\/\\\/fenster.com.py\\\/index.php\\\/aislamiento-acustico\\\/#primaryimage\",\"url\":\"https:\\\/\\\/fenster.com.py\\\/wp-content\\\/uploads\\\/2023\\\/03\\\/Aislamiento-termico-Fenster.jpg\",\"contentUrl\":\"https:\\\/\\\/fenster.com.py\\\/wp-content\\\/uploads\\\/2023\\\/03\\\/Aislamiento-termico-Fenster.jpg\",\"width\":1300,\"height\":920},{\"@type\":\"BreadcrumbList\",\"@id\":\"https:\\\/\\\/fenster.com.py\\\/index.php\\\/aislamiento-acustico\\\/#breadcrumb\",\"itemListElement\":[{\"@type\":\"ListItem\",\"position\":1,\"name\":\"Portada\",\"item\":\"https:\\\/\\\/fenster.com.py\\\/\"},{\"@type\":\"ListItem\",\"position\":2,\"name\":\"Aislamiento Ac\u00fastico\"}]},{\"@type\":\"WebSite\",\"@id\":\"https:\\\/\\\/fenster.com.py\\\/#website\",\"url\":\"https:\\\/\\\/fenster.com.py\\\/\",\"name\":\"Fenster\",\"description\":\"Aberturas para su bienestar\",\"publisher\":{\"@id\":\"https:\\\/\\\/fenster.com.py\\\/#organization\"},\"potentialAction\":[{\"@type\":\"SearchAction\",\"target\":{\"@type\":\"EntryPoint\",\"urlTemplate\":\"https:\\\/\\\/fenster.com.py\\\/?s={search_term_string}\"},\"query-input\":{\"@type\":\"PropertyValueSpecification\",\"valueRequired\":true,\"valueName\":\"search_term_string\"}}],\"inLanguage\":\"es\"},{\"@type\":\"Organization\",\"@id\":\"https:\\\/\\\/fenster.com.py\\\/#organization\",\"name\":\"Fenster\",\"url\":\"https:\\\/\\\/fenster.com.py\\\/\",\"logo\":{\"@type\":\"ImageObject\",\"inLanguage\":\"es\",\"@id\":\"https:\\\/\\\/fenster.com.py\\\/#\\\/schema\\\/logo\\\/image\\\/\",\"url\":\"https:\\\/\\\/fenster.com.py\\\/wp-content\\\/uploads\\\/2025\\\/03\\\/Icono-Casa-Climatica-8-fondo-transparente.png\",\"contentUrl\":\"https:\\\/\\\/fenster.com.py\\\/wp-content\\\/uploads\\\/2025\\\/03\\\/Icono-Casa-Climatica-8-fondo-transparente.png\",\"width\":188,\"height\":190,\"caption\":\"Fenster\"},\"image\":{\"@id\":\"https:\\\/\\\/fenster.com.py\\\/#\\\/schema\\\/logo\\\/image\\\/\"},\"sameAs\":[\"https:\\\/\\\/www.facebook.com\\\/Ventanas.de.PVC.DVH.Paraguay\"]}]}<\/script>\n<!-- \/ Yoast SEO plugin. -->","yoast_head_json":{"title":"Aislamiento Ac\u00fastico - Fenster","robots":{"index":"index","follow":"follow","max-snippet":"max-snippet:-1","max-image-preview":"max-image-preview:large","max-video-preview":"max-video-preview:-1"},"canonical":"https:\/\/fenster.com.py\/index.php\/aislamiento-acustico\/","og_locale":"es_ES","og_type":"article","og_title":"Aislamiento Ac\u00fastico - Fenster","og_url":"https:\/\/fenster.com.py\/index.php\/aislamiento-acustico\/","og_site_name":"Fenster","article_publisher":"https:\/\/www.facebook.com\/Ventanas.de.PVC.DVH.Paraguay","article_modified_time":"2025-04-03T16:33:14+00:00","og_image":[{"width":1300,"height":920,"url":"https:\/\/fenster.com.py\/wp-content\/uploads\/2023\/03\/Aislamiento-termico-Fenster.jpg","type":"image\/jpeg"}],"twitter_card":"summary_large_image","twitter_misc":{"Tiempo de lectura":"1 minuto"},"schema":{"@context":"https:\/\/schema.org","@graph":[{"@type":"WebPage","@id":"https:\/\/fenster.com.py\/index.php\/aislamiento-acustico\/","url":"https:\/\/fenster.com.py\/index.php\/aislamiento-acustico\/","name":"Aislamiento Ac\u00fastico - Fenster","isPartOf":{"@id":"https:\/\/fenster.com.py\/#website"},"primaryImageOfPage":{"@id":"https:\/\/fenster.com.py\/index.php\/aislamiento-acustico\/#primaryimage"},"image":{"@id":"https:\/\/fenster.com.py\/index.php\/aislamiento-acustico\/#primaryimage"},"thumbnailUrl":"https:\/\/fenster.com.py\/wp-content\/uploads\/2023\/03\/Aislamiento-termico-Fenster-1024x725.jpg","datePublished":"2023-05-17T18:19:30+00:00","dateModified":"2025-04-03T16:33:14+00:00","breadcrumb":{"@id":"https:\/\/fenster.com.py\/index.php\/aislamiento-acustico\/#breadcrumb"},"inLanguage":"es","potentialAction":[{"@type":"ReadAction","target":["https:\/\/fenster.com.py\/index.php\/aislamiento-acustico\/"]}]},{"@type":"ImageObject","inLanguage":"es","@id":"https:\/\/fenster.com.py\/index.php\/aislamiento-acustico\/#primaryimage","url":"https:\/\/fenster.com.py\/wp-content\/uploads\/2023\/03\/Aislamiento-termico-Fenster.jpg","contentUrl":"https:\/\/fenster.com.py\/wp-content\/uploads\/2023\/03\/Aislamiento-termico-Fenster.jpg","width":1300,"height":920},{"@type":"BreadcrumbList","@id":"https:\/\/fenster.com.py\/index.php\/aislamiento-acustico\/#breadcrumb","itemListElement":[{"@type":"ListItem","position":1,"name":"Portada","item":"https:\/\/fenster.com.py\/"},{"@type":"ListItem","position":2,"name":"Aislamiento Ac\u00fastico"}]},{"@type":"WebSite","@id":"https:\/\/fenster.com.py\/#website","url":"https:\/\/fenster.com.py\/","name":"Fenster","description":"Aberturas para su bienestar","publisher":{"@id":"https:\/\/fenster.com.py\/#organization"},"potentialAction":[{"@type":"SearchAction","target":{"@type":"EntryPoint","urlTemplate":"https:\/\/fenster.com.py\/?s={search_term_string}"},"query-input":{"@type":"PropertyValueSpecification","valueRequired":true,"valueName":"search_term_string"}}],"inLanguage":"es"},{"@type":"Organization","@id":"https:\/\/fenster.com.py\/#organization","name":"Fenster","url":"https:\/\/fenster.com.py\/","logo":{"@type":"ImageObject","inLanguage":"es","@id":"https:\/\/fenster.com.py\/#\/schema\/logo\/image\/","url":"https:\/\/fenster.com.py\/wp-content\/uploads\/2025\/03\/Icono-Casa-Climatica-8-fondo-transparente.png","contentUrl":"https:\/\/fenster.com.py\/wp-content\/uploads\/2025\/03\/Icono-Casa-Climatica-8-fondo-transparente.png","width":188,"height":190,"caption":"Fenster"},"image":{"@id":"https:\/\/fenster.com.py\/#\/schema\/logo\/image\/"},"sameAs":["https:\/\/www.facebook.com\/Ventanas.de.PVC.DVH.Paraguay"]}]}},"jetpack_sharing_enabled":true,"_links":{"self":[{"href":"https:\/\/fenster.com.py\/index.php\/wp-json\/wp\/v2\/pages\/1852","targetHints":{"allow":["GET"]}}],"collection":[{"href":"https:\/\/fenster.com.py\/index.php\/wp-json\/wp\/v2\/pages"}],"about":[{"href":"https:\/\/fenster.com.py\/index.php\/wp-json\/wp\/v2\/types\/page"}],"author":[{"embeddable":true,"href":"https:\/\/fenster.com.py\/index.php\/wp-json\/wp\/v2\/users\/2"}],"replies":[{"embeddable":true,"href":"https:\/\/fenster.com.py\/index.php\/wp-json\/wp\/v2\/comments?post=1852"}],"version-history":[{"count":69,"href":"https:\/\/fenster.com.py\/index.php\/wp-json\/wp\/v2\/pages\/1852\/revisions"}],"predecessor-version":[{"id":2207,"href":"https:\/\/fenster.com.py\/index.php\/wp-json\/wp\/v2\/pages\/1852\/revisions\/2207"}],"wp:attachment":[{"href":"https:\/\/fenster.com.py\/index.php\/wp-json\/wp\/v2\/media?parent=1852"}],"curies":[{"name":"wp","href":"https:\/\/api.w.org\/{rel}","templated":true}]}}