{"id":1791,"date":"2023-04-22T13:53:34","date_gmt":"2023-04-22T13:53:34","guid":{"rendered":"https:\/\/fenster.com.py\/?page_id=1791"},"modified":"2025-04-03T16:34:22","modified_gmt":"2025-04-03T16:34:22","slug":"aberturas-correderas-elebables","status":"publish","type":"page","link":"https:\/\/fenster.com.py\/index.php\/aberturas-correderas-elebables\/","title":{"rendered":"Aberturas correderas elevables"},"content":{"rendered":"\t\t<div data-elementor-type=\"wp-page\" data-elementor-id=\"1791\" class=\"elementor elementor-1791\">\n\t\t\t\t\t\t<section class=\"elementor-section elementor-top-section elementor-element elementor-element-03d504c elementor-section-full_width elementor-section-stretched elementor-hidden-mobile elementor-section-height-default elementor-section-height-default\" data-id=\"03d504c\" data-element_type=\"section\" data-e-type=\"section\" data-settings=\"{&quot;stretch_section&quot;:&quot;section-stretched&quot;,&quot;background_background&quot;:&quot;classic&quot;,&quot;shape_divider_bottom&quot;:&quot;curve-asymmetrical&quot;,&quot;shape_divider_bottom_negative&quot;:&quot;yes&quot;}\">\n\t\t\t\t\t\t\t<div class=\"elementor-background-overlay\"><\/div>\n\t\t\t\t\t\t<div class=\"elementor-shape elementor-shape-bottom\" aria-hidden=\"true\" data-negative=\"true\">\n\t\t\t<svg xmlns=\"http:\/\/www.w3.org\/2000\/svg\" viewBox=\"0 0 1000 100\" preserveAspectRatio=\"none\">\n\t<path class=\"elementor-shape-fill\" d=\"M615.2,96.7C240.2,97.8,0,18.9,0,0v100h1000V0C1000,19.2,989.8,96,615.2,96.7z\"\/>\n<\/svg>\t\t<\/div>\n\t\t\t\t\t<div class=\"elementor-container elementor-column-gap-default\">\n\t\t\t\t\t<div class=\"elementor-column elementor-col-100 elementor-top-column elementor-element elementor-element-0e9b9e6\" data-id=\"0e9b9e6\" data-element_type=\"column\" data-e-type=\"column\">\n\t\t\t<div class=\"elementor-widget-wrap elementor-element-populated\">\n\t\t\t\t\t\t<div class=\"elementor-element elementor-element-1f5c4ca elementor-widget elementor-widget-spacer\" data-id=\"1f5c4ca\" data-element_type=\"widget\" data-e-type=\"widget\" data-widget_type=\"spacer.default\">\n\t\t\t\t<div class=\"elementor-widget-container\">\n\t\t\t\t\t\t\t<div class=\"elementor-spacer\">\n\t\t\t<div class=\"elementor-spacer-inner\"><\/div>\n\t\t<\/div>\n\t\t\t\t\t\t<\/div>\n\t\t\t\t<\/div>\n\t\t\t\t<section class=\"elementor-section elementor-inner-section elementor-element elementor-element-bb9d5e1 elementor-section-boxed elementor-section-height-default elementor-section-height-default\" data-id=\"bb9d5e1\" data-element_type=\"section\" data-e-type=\"section\">\n\t\t\t\t\t\t<div class=\"elementor-container elementor-column-gap-default\">\n\t\t\t\t\t<div class=\"elementor-column elementor-col-50 elementor-inner-column elementor-element elementor-element-1641082\" data-id=\"1641082\" data-element_type=\"column\" data-e-type=\"column\">\n\t\t\t<div class=\"elementor-widget-wrap elementor-element-populated\">\n\t\t\t\t\t\t<div class=\"elementor-element elementor-element-47a0aa7 elementor-widget elementor-widget-heading\" data-id=\"47a0aa7\" data-element_type=\"widget\" data-e-type=\"widget\" data-widget_type=\"heading.default\">\n\t\t\t\t<div class=\"elementor-widget-container\">\n\t\t\t\t\t<h1 class=\"elementor-heading-title elementor-size-default\">Aberturas correderas elevables<\/h1>\t\t\t\t<\/div>\n\t\t\t\t<\/div>\n\t\t\t\t\t<\/div>\n\t\t<\/div>\n\t\t\t\t<div class=\"elementor-column elementor-col-50 elementor-inner-column elementor-element elementor-element-e1d8d32\" data-id=\"e1d8d32\" data-element_type=\"column\" data-e-type=\"column\">\n\t\t\t<div class=\"elementor-widget-wrap\">\n\t\t\t\t\t\t\t<\/div>\n\t\t<\/div>\n\t\t\t\t\t<\/div>\n\t\t<\/section>\n\t\t\t\t<div class=\"elementor-element elementor-element-a6a74ac elementor-widget elementor-widget-spacer\" data-id=\"a6a74ac\" data-element_type=\"widget\" data-e-type=\"widget\" data-widget_type=\"spacer.default\">\n\t\t\t\t<div class=\"elementor-widget-container\">\n\t\t\t\t\t\t\t<div class=\"elementor-spacer\">\n\t\t\t<div class=\"elementor-spacer-inner\"><\/div>\n\t\t<\/div>\n\t\t\t\t\t\t<\/div>\n\t\t\t\t<\/div>\n\t\t\t\t\t<\/div>\n\t\t<\/div>\n\t\t\t\t\t<\/div>\n\t\t<\/section>\n\t\t\t\t<section class=\"elementor-section elementor-top-section elementor-element elementor-element-86b32c7 elementor-section-full_width elementor-section-stretched elementor-hidden-desktop elementor-hidden-tablet elementor-section-height-default elementor-section-height-default\" data-id=\"86b32c7\" data-element_type=\"section\" data-e-type=\"section\" data-settings=\"{&quot;stretch_section&quot;:&quot;section-stretched&quot;,&quot;background_background&quot;:&quot;classic&quot;,&quot;shape_divider_bottom&quot;:&quot;curve-asymmetrical&quot;,&quot;shape_divider_bottom_negative&quot;:&quot;yes&quot;}\">\n\t\t\t\t\t\t\t<div class=\"elementor-background-overlay\"><\/div>\n\t\t\t\t\t\t<div class=\"elementor-shape elementor-shape-bottom\" aria-hidden=\"true\" data-negative=\"true\">\n\t\t\t<svg xmlns=\"http:\/\/www.w3.org\/2000\/svg\" viewBox=\"0 0 1000 100\" preserveAspectRatio=\"none\">\n\t<path class=\"elementor-shape-fill\" d=\"M615.2,96.7C240.2,97.8,0,18.9,0,0v100h1000V0C1000,19.2,989.8,96,615.2,96.7z\"\/>\n<\/svg>\t\t<\/div>\n\t\t\t\t\t<div class=\"elementor-container elementor-column-gap-default\">\n\t\t\t\t\t<div class=\"elementor-column elementor-col-100 elementor-top-column elementor-element elementor-element-7c1d63d\" data-id=\"7c1d63d\" data-element_type=\"column\" data-e-type=\"column\">\n\t\t\t<div class=\"elementor-widget-wrap elementor-element-populated\">\n\t\t\t\t\t\t<div class=\"elementor-element elementor-element-b83d268 elementor-widget elementor-widget-spacer\" data-id=\"b83d268\" data-element_type=\"widget\" data-e-type=\"widget\" data-widget_type=\"spacer.default\">\n\t\t\t\t<div class=\"elementor-widget-container\">\n\t\t\t\t\t\t\t<div class=\"elementor-spacer\">\n\t\t\t<div class=\"elementor-spacer-inner\"><\/div>\n\t\t<\/div>\n\t\t\t\t\t\t<\/div>\n\t\t\t\t<\/div>\n\t\t\t\t<section class=\"elementor-section elementor-inner-section elementor-element elementor-element-589d5b3 elementor-section-boxed elementor-section-height-default elementor-section-height-default\" data-id=\"589d5b3\" data-element_type=\"section\" data-e-type=\"section\">\n\t\t\t\t\t\t<div class=\"elementor-container elementor-column-gap-default\">\n\t\t\t\t\t<div class=\"elementor-column elementor-col-50 elementor-inner-column elementor-element elementor-element-fa4bb03\" data-id=\"fa4bb03\" data-element_type=\"column\" data-e-type=\"column\">\n\t\t\t<div class=\"elementor-widget-wrap elementor-element-populated\">\n\t\t\t\t\t\t<div class=\"elementor-element elementor-element-6be01b9 elementor-widget elementor-widget-heading\" data-id=\"6be01b9\" data-element_type=\"widget\" data-e-type=\"widget\" data-widget_type=\"heading.default\">\n\t\t\t\t<div class=\"elementor-widget-container\">\n\t\t\t\t\t<h2 class=\"elementor-heading-title elementor-size-default\">Aberturas correderas elevables<\/h2>\t\t\t\t<\/div>\n\t\t\t\t<\/div>\n\t\t\t\t\t<\/div>\n\t\t<\/div>\n\t\t\t\t<div class=\"elementor-column elementor-col-50 elementor-inner-column elementor-element elementor-element-e5f94e0\" data-id=\"e5f94e0\" data-element_type=\"column\" data-e-type=\"column\">\n\t\t\t<div class=\"elementor-widget-wrap\">\n\t\t\t\t\t\t\t<\/div>\n\t\t<\/div>\n\t\t\t\t\t<\/div>\n\t\t<\/section>\n\t\t\t\t<div class=\"elementor-element elementor-element-4496d05 elementor-widget elementor-widget-spacer\" data-id=\"4496d05\" data-element_type=\"widget\" data-e-type=\"widget\" data-widget_type=\"spacer.default\">\n\t\t\t\t<div class=\"elementor-widget-container\">\n\t\t\t\t\t\t\t<div class=\"elementor-spacer\">\n\t\t\t<div class=\"elementor-spacer-inner\"><\/div>\n\t\t<\/div>\n\t\t\t\t\t\t<\/div>\n\t\t\t\t<\/div>\n\t\t\t\t\t<\/div>\n\t\t<\/div>\n\t\t\t\t\t<\/div>\n\t\t<\/section>\n\t\t\t\t<section class=\"elementor-section elementor-top-section elementor-element elementor-element-ac87d95 elementor-section-boxed elementor-section-height-default elementor-section-height-default\" data-id=\"ac87d95\" data-element_type=\"section\" data-e-type=\"section\">\n\t\t\t\t\t\t<div class=\"elementor-container elementor-column-gap-default\">\n\t\t\t\t\t<div class=\"elementor-column elementor-col-100 elementor-top-column elementor-element elementor-element-38422a8\" data-id=\"38422a8\" data-element_type=\"column\" data-e-type=\"column\">\n\t\t\t<div class=\"elementor-widget-wrap elementor-element-populated\">\n\t\t\t\t\t\t<div class=\"elementor-element elementor-element-f4a2666 elementor-widget elementor-widget-spacer\" data-id=\"f4a2666\" data-element_type=\"widget\" data-e-type=\"widget\" data-widget_type=\"spacer.default\">\n\t\t\t\t<div class=\"elementor-widget-container\">\n\t\t\t\t\t\t\t<div class=\"elementor-spacer\">\n\t\t\t<div class=\"elementor-spacer-inner\"><\/div>\n\t\t<\/div>\n\t\t\t\t\t\t<\/div>\n\t\t\t\t<\/div>\n\t\t\t\t<div class=\"elementor-element elementor-element-448abc2 elementor-widget elementor-widget-text-editor\" data-id=\"448abc2\" data-element_type=\"widget\" data-e-type=\"widget\" data-widget_type=\"text-editor.default\">\n\t\t\t\t<div class=\"elementor-widget-container\">\n\t\t\t\t\t\t\t\t\t<p style=\"text-align: center;\"><span style=\"color: #000000; text-align: left;\">A diferencia de las aberturas corredizas convencionales, este sistema de aberturas puede utilizarse en modelos mas grandes, brindando una experiencia de vista panor\u00e1mica, creando una sensaci\u00f3n de espaciocidad mientras ofrece la opci\u00f3n de abertura para una ventilaci\u00f3n eficaz.<\/span><\/p>\t\t\t\t\t\t\t\t<\/div>\n\t\t\t\t<\/div>\n\t\t\t\t<section class=\"elementor-section elementor-inner-section elementor-element elementor-element-7ee2903 elementor-section-boxed elementor-section-height-default elementor-section-height-default\" data-id=\"7ee2903\" data-element_type=\"section\" data-e-type=\"section\">\n\t\t\t\t\t\t<div class=\"elementor-container elementor-column-gap-default\">\n\t\t\t\t\t<div class=\"elementor-column elementor-col-50 elementor-inner-column elementor-element elementor-element-0374544\" data-id=\"0374544\" data-element_type=\"column\" data-e-type=\"column\">\n\t\t\t<div class=\"elementor-widget-wrap elementor-element-populated\">\n\t\t\t\t\t\t<div class=\"elementor-element elementor-element-ff360df elementor-widget elementor-widget-spacer\" data-id=\"ff360df\" data-element_type=\"widget\" data-e-type=\"widget\" data-widget_type=\"spacer.default\">\n\t\t\t\t<div class=\"elementor-widget-container\">\n\t\t\t\t\t\t\t<div class=\"elementor-spacer\">\n\t\t\t<div class=\"elementor-spacer-inner\"><\/div>\n\t\t<\/div>\n\t\t\t\t\t\t<\/div>\n\t\t\t\t<\/div>\n\t\t\t\t\t<\/div>\n\t\t<\/div>\n\t\t\t\t<div class=\"elementor-column elementor-col-50 elementor-inner-column elementor-element elementor-element-631ea6e\" data-id=\"631ea6e\" data-element_type=\"column\" data-e-type=\"column\">\n\t\t\t<div class=\"elementor-widget-wrap\">\n\t\t\t\t\t\t\t<\/div>\n\t\t<\/div>\n\t\t\t\t\t<\/div>\n\t\t<\/section>\n\t\t\t\t\t<\/div>\n\t\t<\/div>\n\t\t\t\t\t<\/div>\n\t\t<\/section>\n\t\t\t\t<section class=\"elementor-section elementor-top-section elementor-element elementor-element-ed49b19 elementor-section-boxed elementor-section-height-default elementor-section-height-default\" data-id=\"ed49b19\" data-element_type=\"section\" data-e-type=\"section\">\n\t\t\t\t\t\t<div class=\"elementor-container elementor-column-gap-default\">\n\t\t\t\t\t<div class=\"elementor-column elementor-col-100 elementor-top-column elementor-element elementor-element-31d52cd\" data-id=\"31d52cd\" data-element_type=\"column\" data-e-type=\"column\">\n\t\t\t<div class=\"elementor-widget-wrap elementor-element-populated\">\n\t\t\t\t\t\t<div class=\"elementor-element elementor-element-9c5ce40 elementor-widget elementor-widget-heading\" data-id=\"9c5ce40\" data-element_type=\"widget\" data-e-type=\"widget\" data-widget_type=\"heading.default\">\n\t\t\t\t<div class=\"elementor-widget-container\">\n\t\t\t\t\t<h3 class=\"elementor-heading-title elementor-size-default\"><p style=\"text-align: center\"><span style=\"font-size: 30px;text-align: left\"><font color=\"#b8312f\" face=\"Arial, Helvetica, sans-serif\"><b>Productos disponibles<\/b><\/font><\/span><span style=\"font-family: Arial, sans-serif;font-size: 30px;font-weight: 600;text-align: left\"><\/span><br><\/p><\/h3>\t\t\t\t<\/div>\n\t\t\t\t<\/div>\n\t\t\t\t<div class=\"elementor-element elementor-element-1399bca elementor-widget-divider--view-line elementor-widget elementor-widget-divider\" data-id=\"1399bca\" data-element_type=\"widget\" data-e-type=\"widget\" data-widget_type=\"divider.default\">\n\t\t\t\t<div class=\"elementor-widget-container\">\n\t\t\t\t\t\t\t<div class=\"elementor-divider\">\n\t\t\t<span class=\"elementor-divider-separator\">\n\t\t\t\t\t\t<\/span>\n\t\t<\/div>\n\t\t\t\t\t\t<\/div>\n\t\t\t\t<\/div>\n\t\t\t\t<div class=\"elementor-element elementor-element-5fc744a elementor-widget elementor-widget-image\" data-id=\"5fc744a\" data-element_type=\"widget\" data-e-type=\"widget\" data-widget_type=\"image.default\">\n\t\t\t\t<div class=\"elementor-widget-container\">\n\t\t\t\t\t\t\t\t\t\t\t\t\t\t\t<img fetchpriority=\"high\" decoding=\"async\" width=\"900\" height=\"900\" src=\"https:\/\/fenster.com.py\/wp-content\/uploads\/2025\/03\/EvolutionDrive-HST_2.webp\" class=\"attachment-large size-large wp-image-2118 not-transparent\" alt=\"\" srcset=\"https:\/\/fenster.com.py\/wp-content\/uploads\/2025\/03\/EvolutionDrive-HST_2.webp 1024w, https:\/\/fenster.com.py\/wp-content\/uploads\/2025\/03\/EvolutionDrive-HST_2-300x300.webp 300w, https:\/\/fenster.com.py\/wp-content\/uploads\/2025\/03\/EvolutionDrive-HST_2-150x150.webp 150w, https:\/\/fenster.com.py\/wp-content\/uploads\/2025\/03\/EvolutionDrive-HST_2-768x768.webp 768w\" sizes=\"(max-width: 900px) 100vw, 900px\" data-has-transparency=\"false\" data-dominant-color=\"4d6c71\" style=\"--dominant-color: #4d6c71\" \/>\t\t\t\t\t\t\t\t\t\t\t\t\t\t\t<\/div>\n\t\t\t\t<\/div>\n\t\t\t\t\t<\/div>\n\t\t<\/div>\n\t\t\t\t\t<\/div>\n\t\t<\/section>\n\t\t\t\t<\/div>\n\t\t","protected":false},"excerpt":{"rendered":"<p>Aberturas correderas elevables Aberturas correderas elevables A diferencia de las aberturas corredizas convencionales, este sistema de aberturas puede utilizarse en modelos mas grandes, brindando una experiencia de vista panor\u00e1mica, creando una sensaci\u00f3n de espaciocidad mientras ofrece la opci\u00f3n de abertura &hellip;<\/p>\n<p><a href=\"https:\/\/fenster.com.py\/index.php\/aberturas-correderas-elebables\/\">Continue Reading<span class=\"meta-nav\">&rarr;<\/span><\/a><\/p>\n","protected":false},"author":2,"featured_media":0,"parent":0,"menu_order":0,"comment_status":"closed","ping_status":"closed","template":"","meta":{"footnotes":""},"class_list":["post-1791","page","type-page","status-publish","hentry"],"translation":{"provider":"WPGlobus","version":"3.0.2","language":"es","enabled_languages":["es"],"languages":{"es":{"title":true,"content":true,"excerpt":false}}},"yoast_head":"<!-- This site is optimized with the Yoast SEO plugin v27.3 - https:\/\/yoast.com\/product\/yoast-seo-wordpress\/ -->\n<title>Aberturas correderas elevables - Fenster<\/title>\n<meta name=\"robots\" content=\"index, follow, max-snippet:-1, max-image-preview:large, max-video-preview:-1\" \/>\n<link rel=\"canonical\" href=\"https:\/\/fenster.com.py\/index.php\/aberturas-correderas-elebables\/\" \/>\n<meta property=\"og:locale\" content=\"es_ES\" \/>\n<meta property=\"og:type\" content=\"article\" \/>\n<meta property=\"og:title\" content=\"Aberturas correderas elevables - Fenster\" \/>\n<meta property=\"og:url\" content=\"https:\/\/fenster.com.py\/index.php\/aberturas-correderas-elebables\/\" \/>\n<meta property=\"og:site_name\" content=\"Fenster\" \/>\n<meta property=\"article:publisher\" content=\"https:\/\/www.facebook.com\/Ventanas.de.PVC.DVH.Paraguay\" \/>\n<meta property=\"article:modified_time\" content=\"2025-04-03T16:34:22+00:00\" \/>\n<meta property=\"og:image\" content=\"https:\/\/fenster.com.py\/wp-content\/uploads\/2025\/03\/EvolutionDrive-HST_2.webp\" \/>\n\t<meta property=\"og:image:width\" content=\"1024\" \/>\n\t<meta property=\"og:image:height\" content=\"1024\" \/>\n\t<meta property=\"og:image:type\" content=\"image\/webp\" \/>\n<meta name=\"twitter:card\" content=\"summary_large_image\" \/>\n<meta name=\"twitter:label1\" content=\"Tiempo de lectura\" \/>\n\t<meta name=\"twitter:data1\" content=\"1 minuto\" \/>\n<script type=\"application\/ld+json\" class=\"yoast-schema-graph\">{\"@context\":\"https:\\\/\\\/schema.org\",\"@graph\":[{\"@type\":\"WebPage\",\"@id\":\"https:\\\/\\\/fenster.com.py\\\/index.php\\\/aberturas-correderas-elebables\\\/\",\"url\":\"https:\\\/\\\/fenster.com.py\\\/index.php\\\/aberturas-correderas-elebables\\\/\",\"name\":\"Aberturas correderas elevables - Fenster\",\"isPartOf\":{\"@id\":\"https:\\\/\\\/fenster.com.py\\\/#website\"},\"primaryImageOfPage\":{\"@id\":\"https:\\\/\\\/fenster.com.py\\\/index.php\\\/aberturas-correderas-elebables\\\/#primaryimage\"},\"image\":{\"@id\":\"https:\\\/\\\/fenster.com.py\\\/index.php\\\/aberturas-correderas-elebables\\\/#primaryimage\"},\"thumbnailUrl\":\"https:\\\/\\\/fenster.com.py\\\/wp-content\\\/uploads\\\/2025\\\/03\\\/EvolutionDrive-HST_2.webp\",\"datePublished\":\"2023-04-22T13:53:34+00:00\",\"dateModified\":\"2025-04-03T16:34:22+00:00\",\"breadcrumb\":{\"@id\":\"https:\\\/\\\/fenster.com.py\\\/index.php\\\/aberturas-correderas-elebables\\\/#breadcrumb\"},\"inLanguage\":\"es\",\"potentialAction\":[{\"@type\":\"ReadAction\",\"target\":[\"https:\\\/\\\/fenster.com.py\\\/index.php\\\/aberturas-correderas-elebables\\\/\"]}]},{\"@type\":\"ImageObject\",\"inLanguage\":\"es\",\"@id\":\"https:\\\/\\\/fenster.com.py\\\/index.php\\\/aberturas-correderas-elebables\\\/#primaryimage\",\"url\":\"https:\\\/\\\/fenster.com.py\\\/wp-content\\\/uploads\\\/2025\\\/03\\\/EvolutionDrive-HST_2.webp\",\"contentUrl\":\"https:\\\/\\\/fenster.com.py\\\/wp-content\\\/uploads\\\/2025\\\/03\\\/EvolutionDrive-HST_2.webp\",\"width\":1024,\"height\":1024},{\"@type\":\"BreadcrumbList\",\"@id\":\"https:\\\/\\\/fenster.com.py\\\/index.php\\\/aberturas-correderas-elebables\\\/#breadcrumb\",\"itemListElement\":[{\"@type\":\"ListItem\",\"position\":1,\"name\":\"Portada\",\"item\":\"https:\\\/\\\/fenster.com.py\\\/\"},{\"@type\":\"ListItem\",\"position\":2,\"name\":\"Aberturas correderas elevables\"}]},{\"@type\":\"WebSite\",\"@id\":\"https:\\\/\\\/fenster.com.py\\\/#website\",\"url\":\"https:\\\/\\\/fenster.com.py\\\/\",\"name\":\"Fenster\",\"description\":\"Aberturas para su bienestar\",\"publisher\":{\"@id\":\"https:\\\/\\\/fenster.com.py\\\/#organization\"},\"potentialAction\":[{\"@type\":\"SearchAction\",\"target\":{\"@type\":\"EntryPoint\",\"urlTemplate\":\"https:\\\/\\\/fenster.com.py\\\/?s={search_term_string}\"},\"query-input\":{\"@type\":\"PropertyValueSpecification\",\"valueRequired\":true,\"valueName\":\"search_term_string\"}}],\"inLanguage\":\"es\"},{\"@type\":\"Organization\",\"@id\":\"https:\\\/\\\/fenster.com.py\\\/#organization\",\"name\":\"Fenster\",\"url\":\"https:\\\/\\\/fenster.com.py\\\/\",\"logo\":{\"@type\":\"ImageObject\",\"inLanguage\":\"es\",\"@id\":\"https:\\\/\\\/fenster.com.py\\\/#\\\/schema\\\/logo\\\/image\\\/\",\"url\":\"https:\\\/\\\/fenster.com.py\\\/wp-content\\\/uploads\\\/2025\\\/03\\\/Icono-Casa-Climatica-8-fondo-transparente.png\",\"contentUrl\":\"https:\\\/\\\/fenster.com.py\\\/wp-content\\\/uploads\\\/2025\\\/03\\\/Icono-Casa-Climatica-8-fondo-transparente.png\",\"width\":188,\"height\":190,\"caption\":\"Fenster\"},\"image\":{\"@id\":\"https:\\\/\\\/fenster.com.py\\\/#\\\/schema\\\/logo\\\/image\\\/\"},\"sameAs\":[\"https:\\\/\\\/www.facebook.com\\\/Ventanas.de.PVC.DVH.Paraguay\"]}]}<\/script>\n<!-- \/ Yoast SEO plugin. -->","yoast_head_json":{"title":"Aberturas correderas elevables - Fenster","robots":{"index":"index","follow":"follow","max-snippet":"max-snippet:-1","max-image-preview":"max-image-preview:large","max-video-preview":"max-video-preview:-1"},"canonical":"https:\/\/fenster.com.py\/index.php\/aberturas-correderas-elebables\/","og_locale":"es_ES","og_type":"article","og_title":"Aberturas correderas elevables - Fenster","og_url":"https:\/\/fenster.com.py\/index.php\/aberturas-correderas-elebables\/","og_site_name":"Fenster","article_publisher":"https:\/\/www.facebook.com\/Ventanas.de.PVC.DVH.Paraguay","article_modified_time":"2025-04-03T16:34:22+00:00","og_image":[{"width":1024,"height":1024,"url":"https:\/\/fenster.com.py\/wp-content\/uploads\/2025\/03\/EvolutionDrive-HST_2.webp","type":"image\/webp"}],"twitter_card":"summary_large_image","twitter_misc":{"Tiempo de lectura":"1 minuto"},"schema":{"@context":"https:\/\/schema.org","@graph":[{"@type":"WebPage","@id":"https:\/\/fenster.com.py\/index.php\/aberturas-correderas-elebables\/","url":"https:\/\/fenster.com.py\/index.php\/aberturas-correderas-elebables\/","name":"Aberturas correderas elevables - Fenster","isPartOf":{"@id":"https:\/\/fenster.com.py\/#website"},"primaryImageOfPage":{"@id":"https:\/\/fenster.com.py\/index.php\/aberturas-correderas-elebables\/#primaryimage"},"image":{"@id":"https:\/\/fenster.com.py\/index.php\/aberturas-correderas-elebables\/#primaryimage"},"thumbnailUrl":"https:\/\/fenster.com.py\/wp-content\/uploads\/2025\/03\/EvolutionDrive-HST_2.webp","datePublished":"2023-04-22T13:53:34+00:00","dateModified":"2025-04-03T16:34:22+00:00","breadcrumb":{"@id":"https:\/\/fenster.com.py\/index.php\/aberturas-correderas-elebables\/#breadcrumb"},"inLanguage":"es","potentialAction":[{"@type":"ReadAction","target":["https:\/\/fenster.com.py\/index.php\/aberturas-correderas-elebables\/"]}]},{"@type":"ImageObject","inLanguage":"es","@id":"https:\/\/fenster.com.py\/index.php\/aberturas-correderas-elebables\/#primaryimage","url":"https:\/\/fenster.com.py\/wp-content\/uploads\/2025\/03\/EvolutionDrive-HST_2.webp","contentUrl":"https:\/\/fenster.com.py\/wp-content\/uploads\/2025\/03\/EvolutionDrive-HST_2.webp","width":1024,"height":1024},{"@type":"BreadcrumbList","@id":"https:\/\/fenster.com.py\/index.php\/aberturas-correderas-elebables\/#breadcrumb","itemListElement":[{"@type":"ListItem","position":1,"name":"Portada","item":"https:\/\/fenster.com.py\/"},{"@type":"ListItem","position":2,"name":"Aberturas correderas elevables"}]},{"@type":"WebSite","@id":"https:\/\/fenster.com.py\/#website","url":"https:\/\/fenster.com.py\/","name":"Fenster","description":"Aberturas para su bienestar","publisher":{"@id":"https:\/\/fenster.com.py\/#organization"},"potentialAction":[{"@type":"SearchAction","target":{"@type":"EntryPoint","urlTemplate":"https:\/\/fenster.com.py\/?s={search_term_string}"},"query-input":{"@type":"PropertyValueSpecification","valueRequired":true,"valueName":"search_term_string"}}],"inLanguage":"es"},{"@type":"Organization","@id":"https:\/\/fenster.com.py\/#organization","name":"Fenster","url":"https:\/\/fenster.com.py\/","logo":{"@type":"ImageObject","inLanguage":"es","@id":"https:\/\/fenster.com.py\/#\/schema\/logo\/image\/","url":"https:\/\/fenster.com.py\/wp-content\/uploads\/2025\/03\/Icono-Casa-Climatica-8-fondo-transparente.png","contentUrl":"https:\/\/fenster.com.py\/wp-content\/uploads\/2025\/03\/Icono-Casa-Climatica-8-fondo-transparente.png","width":188,"height":190,"caption":"Fenster"},"image":{"@id":"https:\/\/fenster.com.py\/#\/schema\/logo\/image\/"},"sameAs":["https:\/\/www.facebook.com\/Ventanas.de.PVC.DVH.Paraguay"]}]}},"jetpack_sharing_enabled":true,"_links":{"self":[{"href":"https:\/\/fenster.com.py\/index.php\/wp-json\/wp\/v2\/pages\/1791","targetHints":{"allow":["GET"]}}],"collection":[{"href":"https:\/\/fenster.com.py\/index.php\/wp-json\/wp\/v2\/pages"}],"about":[{"href":"https:\/\/fenster.com.py\/index.php\/wp-json\/wp\/v2\/types\/page"}],"author":[{"embeddable":true,"href":"https:\/\/fenster.com.py\/index.php\/wp-json\/wp\/v2\/users\/2"}],"replies":[{"embeddable":true,"href":"https:\/\/fenster.com.py\/index.php\/wp-json\/wp\/v2\/comments?post=1791"}],"version-history":[{"count":20,"href":"https:\/\/fenster.com.py\/index.php\/wp-json\/wp\/v2\/pages\/1791\/revisions"}],"predecessor-version":[{"id":2213,"href":"https:\/\/fenster.com.py\/index.php\/wp-json\/wp\/v2\/pages\/1791\/revisions\/2213"}],"wp:attachment":[{"href":"https:\/\/fenster.com.py\/index.php\/wp-json\/wp\/v2\/media?parent=1791"}],"curies":[{"name":"wp","href":"https:\/\/api.w.org\/{rel}","templated":true}]}}